{"id":29884,"date":"2024-09-22T16:51:12","date_gmt":"2024-09-22T16:51:12","guid":{"rendered":"https:\/\/draatv.com\/?page_id=29884"},"modified":"2026-04-14T01:20:35","modified_gmt":"2026-04-14T01:20:35","slug":"12-ay","status":"publish","type":"page","link":"https:\/\/draatv.com\/tr\/12-ay\/","title":{"rendered":"12 Monate IPTV Abonnement Plan"},"content":{"rendered":"<div data-elementor-type=\"wp-page\" data-elementor-id=\"29884\" class=\"elementor elementor-29884\" data-elementor-post-type=\"page\">\n\t\t\t\t<div class=\"elementor-element elementor-element-9b90b73 e-flex e-con-boxed e-con e-parent\" data-id=\"9b90b73\" data-element_type=\"container\" data-e-type=\"container\">\n\t\t\t\t\t<div class=\"e-con-inner\">\n\t\t\t\t<div class=\"elementor-element elementor-element-8e1c290 elementor-widget elementor-widget-text-editor\" data-id=\"8e1c290\" data-element_type=\"widget\" data-e-type=\"widget\" data-widget_type=\"text-editor.default\">\n\t\t\t\t<div class=\"elementor-widget-container\">\n\t\t\t\t\t\t\t\t\t<h1 style=\"color: #ff6a00;\">12 Ayl\u0131k IPTV Aboneli\u011fi<\/h1>\t\t\t\t\t\t\t\t<\/div>\n\t\t\t\t<\/div>\n\t\t\t\t\t<\/div>\n\t\t\t\t<\/div>\n\t\t<div class=\"elementor-element elementor-element-57c45eb e-con-full e-flex e-con e-parent\" data-id=\"57c45eb\" data-element_type=\"container\" data-e-type=\"container\" data-settings=\"{&quot;background_background&quot;:&quot;classic&quot;}\">\n\t\t<div class=\"elementor-element elementor-element-52abb38 e-con-full e-flex e-con e-child\" data-id=\"52abb38\" data-element_type=\"container\" data-e-type=\"container\" data-settings=\"{&quot;background_background&quot;:&quot;classic&quot;}\">\n\t\t\t\t<div class=\"elementor-element elementor-element-aad1190 elementor-widget elementor-widget-heading\" data-id=\"aad1190\" data-element_type=\"widget\" data-e-type=\"widget\" data-widget_type=\"heading.default\">\n\t\t\t\t<div class=\"elementor-widget-container\">\n\t\t\t\t\t<h2 class=\"elementor-heading-title elementor-size-default\">12 ay<\/h2>\t\t\t\t<\/div>\n\t\t\t\t<\/div>\n\t\t\t\t<div class=\"elementor-element elementor-element-fcdcf25 elementor-widget elementor-widget-heading\" data-id=\"fcdcf25\" data-element_type=\"widget\" data-e-type=\"widget\" data-widget_type=\"heading.default\">\n\t\t\t\t<div class=\"elementor-widget-container\">\n\t\t\t\t\t<h6 class=\"elementor-heading-title elementor-size-default\">Tek seferlik \u00f6deme<\/h6>\t\t\t\t<\/div>\n\t\t\t\t<\/div>\n\t\t\t\t<div class=\"elementor-element elementor-element-0c5a3ab elementor-widget elementor-widget-image\" data-id=\"0c5a3ab\" data-element_type=\"widget\" data-e-type=\"widget\" data-widget_type=\"image.default\">\n\t\t\t\t<div class=\"elementor-widget-container\">\n\t\t\t\t\t\t\t\t\t\t\t\t\t\t\t<img loading=\"lazy\" decoding=\"async\" width=\"1024\" height=\"1024\" src=\"https:\/\/draatv.com\/wp-content\/uploads\/2024\/12\/12M-1024x1024.webp\" class=\"attachment-large size-large wp-image-32749\" alt=\"DraaTV 12 Monate IPTV Paket - 1 Ger\u00e4t mit 28.000 Live-Kan\u00e4len, EPG, 300.000 VOD und 99% Uptime\" srcset=\"https:\/\/draatv.com\/wp-content\/uploads\/2024\/12\/12M-1024x1024.webp 1024w, https:\/\/draatv.com\/wp-content\/uploads\/2024\/12\/12M-300x300.webp 300w, https:\/\/draatv.com\/wp-content\/uploads\/2024\/12\/12M-150x150.webp 150w, https:\/\/draatv.com\/wp-content\/uploads\/2024\/12\/12M-768x768.webp 768w, https:\/\/draatv.com\/wp-content\/uploads\/2024\/12\/12M-12x12.webp 12w, https:\/\/draatv.com\/wp-content\/uploads\/2024\/12\/12M-75x75.webp 75w, https:\/\/draatv.com\/wp-content\/uploads\/2024\/12\/12M-628x628.webp 628w, https:\/\/draatv.com\/wp-content\/uploads\/2024\/12\/12M-480x480.webp 480w, https:\/\/draatv.com\/wp-content\/uploads\/2024\/12\/12M.webp 1259w\" sizes=\"auto, (max-width:767px) 480px, (max-width:1024px) 100vw, 1024px\" \/>\t\t\t\t\t\t\t\t\t\t\t\t\t\t\t<\/div>\n\t\t\t\t<\/div>\n\t\t\t\t<div class=\"elementor-element elementor-element-0a21e3f elementor-icon-list--layout-traditional elementor-list-item-link-full_width elementor-widget elementor-widget-icon-list\" data-id=\"0a21e3f\" data-element_type=\"widget\" data-e-type=\"widget\" data-widget_type=\"icon-list.default\">\n\t\t\t\t<div class=\"elementor-widget-container\">\n\t\t\t\t\t\t\t<ul class=\"elementor-icon-list-items\">\n\t\t\t\t\t\t\t<li class=\"elementor-icon-list-item\">\n\t\t\t\t\t\t\t\t\t\t\t<span class=\"elementor-icon-list-icon\">\n\t\t\t\t\t\t\t<svg aria-hidden=\"true\" class=\"e-font-icon-svg e-fas-laptop-house\" viewbox=\"0 0 640 512\" xmlns=\"http:\/\/www.w3.org\/2000\/svg\"><path d=\"M272,288H208a16,16,0,0,1-16-16V208a16,16,0,0,1,16-16h64a16,16,0,0,1,16,16v37.12C299.11,232.24,315,224,332.8,224H469.74l6.65-7.53A16.51,16.51,0,0,0,480,207a16.31,16.31,0,0,0-4.75-10.61L416,144V48a16,16,0,0,0-16-16H368a16,16,0,0,0-16,16V87.3L263.5,8.92C258,4,247.45,0,240.05,0s-17.93,4-23.47,8.92L4.78,196.42A16.15,16.15,0,0,0,0,207a16.4,16.4,0,0,0,3.55,9.39L22.34,237.7A16.22,16.22,0,0,0,33,242.48,16.51,16.51,0,0,0,42.34,239L64,219.88V384a32,32,0,0,0,32,32H272ZM629.33,448H592V288c0-17.67-12.89-32-28.8-32H332.8c-15.91,0-28.8,14.33-28.8,32V448H266.67A10.67,10.67,0,0,0,256,458.67v10.66A42.82,42.82,0,0,0,298.6,512H597.4A42.82,42.82,0,0,0,640,469.33V458.67A10.67,10.67,0,0,0,629.33,448ZM544,448H352V304H544Z\"><\/path><\/svg>\t\t\t\t\t\t<\/span>\n\t\t\t\t\t\t\t\t\t\t<span class=\"elementor-icon-list-text\">T\u00fcm cihazlar<\/span>\n\t\t\t\t\t\t\t\t\t<\/li>\n\t\t\t\t\t\t\t\t<li class=\"elementor-icon-list-item\">\n\t\t\t\t\t\t\t\t\t\t\t<span class=\"elementor-icon-list-icon\">\n\t\t\t\t\t\t\t<svg aria-hidden=\"true\" class=\"e-font-icon-svg e-fab-safari\" viewbox=\"0 0 512 512\" xmlns=\"http:\/\/www.w3.org\/2000\/svg\"><path d=\"M274.69,274.69l-37.38-37.38L166,346ZM256,8C119,8,8,119,8,256S119,504,256,504,504,393,504,256,393,8,256,8ZM411.85,182.79l14.78-6.13A8,8,0,0,1,437.08,181h0a8,8,0,0,1-4.33,10.46L418,197.57a8,8,0,0,1-10.45-4.33h0A8,8,0,0,1,411.85,182.79ZM314.43,94l6.12-14.78A8,8,0,0,1,331,74.92h0a8,8,0,0,1,4.33,10.45l-6.13,14.78a8,8,0,0,1-10.45,4.33h0A8,8,0,0,1,314.43,94ZM256,60h0a8,8,0,0,1,8,8V84a8,8,0,0,1-8,8h0a8,8,0,0,1-8-8V68A8,8,0,0,1,256,60ZM181,74.92a8,8,0,0,1,10.46,4.33L197.57,94a8,8,0,1,1-14.78,6.12l-6.13-14.78A8,8,0,0,1,181,74.92Zm-63.58,42.49h0a8,8,0,0,1,11.31,0L140,128.72A8,8,0,0,1,140,140h0a8,8,0,0,1-11.31,0l-11.31-11.31A8,8,0,0,1,117.41,117.41ZM60,256h0a8,8,0,0,1,8-8H84a8,8,0,0,1,8,8h0a8,8,0,0,1-8,8H68A8,8,0,0,1,60,256Zm40.15,73.21-14.78,6.13A8,8,0,0,1,74.92,331h0a8,8,0,0,1,4.33-10.46L94,314.43a8,8,0,0,1,10.45,4.33h0A8,8,0,0,1,100.15,329.21Zm4.33-136h0A8,8,0,0,1,94,197.57l-14.78-6.12A8,8,0,0,1,74.92,181h0a8,8,0,0,1,10.45-4.33l14.78,6.13A8,8,0,0,1,104.48,193.24ZM197.57,418l-6.12,14.78a8,8,0,0,1-14.79-6.12l6.13-14.78A8,8,0,1,1,197.57,418ZM264,444a8,8,0,0,1-8,8h0a8,8,0,0,1-8-8V428a8,8,0,0,1,8-8h0a8,8,0,0,1,8,8Zm67-6.92h0a8,8,0,0,1-10.46-4.33L314.43,418a8,8,0,0,1,4.33-10.45h0a8,8,0,0,1,10.45,4.33l6.13,14.78A8,8,0,0,1,331,437.08Zm63.58-42.49h0a8,8,0,0,1-11.31,0L372,383.28A8,8,0,0,1,372,372h0a8,8,0,0,1,11.31,0l11.31,11.31A8,8,0,0,1,394.59,394.59ZM286.25,286.25,110.34,401.66,225.75,225.75,401.66,110.34ZM437.08,331h0a8,8,0,0,1-10.45,4.33l-14.78-6.13a8,8,0,0,1-4.33-10.45h0A8,8,0,0,1,418,314.43l14.78,6.12A8,8,0,0,1,437.08,331ZM444,264H428a8,8,0,0,1-8-8h0a8,8,0,0,1,8-8h16a8,8,0,0,1,8,8h0A8,8,0,0,1,444,264Z\"><\/path><\/svg>\t\t\t\t\t\t<\/span>\n\t\t\t\t\t\t\t\t\t\t<span class=\"elementor-icon-list-text\">Uptime<\/span>\n\t\t\t\t\t\t\t\t\t<\/li>\n\t\t\t\t\t\t\t\t<li class=\"elementor-icon-list-item\">\n\t\t\t\t\t\t\t\t\t\t\t<span class=\"elementor-icon-list-icon\">\n\t\t\t\t\t\t\t<svg aria-hidden=\"true\" class=\"e-font-icon-svg e-fas-headset\" viewbox=\"0 0 512 512\" xmlns=\"http:\/\/www.w3.org\/2000\/svg\"><path d=\"M192 208c0-17.67-14.33-32-32-32h-16c-35.35 0-64 28.65-64 64v48c0 35.35 28.65 64 64 64h16c17.67 0 32-14.33 32-32V208zm176 144c35.35 0 64-28.65 64-64v-48c0-35.35-28.65-64-64-64h-16c-17.67 0-32 14.33-32 32v112c0 17.67 14.33 32 32 32h16zM256 0C113.18 0 4.58 118.83 0 256v16c0 8.84 7.16 16 16 16h16c8.84 0 16-7.16 16-16v-16c0-114.69 93.31-208 208-208s208 93.31 208 208h-.12c.08 2.43.12 165.72.12 165.72 0 23.35-18.93 42.28-42.28 42.28H320c0-26.51-21.49-48-48-48h-32c-26.51 0-48 21.49-48 48s21.49 48 48 48h181.72c49.86 0 90.28-40.42 90.28-90.28V256C507.42 118.83 398.82 0 256 0z\"><\/path><\/svg>\t\t\t\t\t\t<\/span>\n\t\t\t\t\t\t\t\t\t\t<span class=\"elementor-icon-list-text\">24\/7 Destek<\/span>\n\t\t\t\t\t\t\t\t\t<\/li>\n\t\t\t\t\t\t\t\t<li class=\"elementor-icon-list-item\">\n\t\t\t\t\t\t\t\t\t\t\t<span class=\"elementor-icon-list-icon\">\n\t\t\t\t\t\t\t<svg aria-hidden=\"true\" class=\"e-font-icon-svg e-far-hdd\" viewbox=\"0 0 576 512\" xmlns=\"http:\/\/www.w3.org\/2000\/svg\"><path d=\"M567.403 235.642L462.323 84.589A48 48 0 0 0 422.919 64H153.081a48 48 0 0 0-39.404 20.589L8.597 235.642A48.001 48.001 0 0 0 0 263.054V400c0 26.51 21.49 48 48 48h480c26.51 0 48-21.49 48-48V263.054c0-9.801-3-19.366-8.597-27.412zM153.081 112h269.838l77.913 112H75.168l77.913-112zM528 400H48V272h480v128zm-32-64c0 17.673-14.327 32-32 32s-32-14.327-32-32 14.327-32 32-32 32 14.327 32 32zm-96 0c0 17.673-14.327 32-32 32s-32-14.327-32-32 14.327-32 32-32 32 14.327 32 32z\"><\/path><\/svg>\t\t\t\t\t\t<\/span>\n\t\t\t\t\t\t\t\t\t\t<span class=\"elementor-icon-list-text\">24.000\u2019den fazla canl\u0131 kanal<\/span>\n\t\t\t\t\t\t\t\t\t<\/li>\n\t\t\t\t\t\t\t\t<li class=\"elementor-icon-list-item\">\n\t\t\t\t\t\t\t\t\t\t\t<span class=\"elementor-icon-list-icon\">\n\t\t\t\t\t\t\t<svg aria-hidden=\"true\" class=\"e-font-icon-svg e-fas-film\" viewbox=\"0 0 512 512\" xmlns=\"http:\/\/www.w3.org\/2000\/svg\"><path d=\"M488 64h-8v20c0 6.6-5.4 12-12 12h-40c-6.6 0-12-5.4-12-12V64H96v20c0 6.6-5.4 12-12 12H44c-6.6 0-12-5.4-12-12V64h-8C10.7 64 0 74.7 0 88v336c0 13.3 10.7 24 24 24h8v-20c0-6.6 5.4-12 12-12h40c6.6 0 12 5.4 12 12v20h320v-20c0-6.6 5.4-12 12-12h40c6.6 0 12 5.4 12 12v20h8c13.3 0 24-10.7 24-24V88c0-13.3-10.7-24-24-24zM96 372c0 6.6-5.4 12-12 12H44c-6.6 0-12-5.4-12-12v-40c0-6.6 5.4-12 12-12h40c6.6 0 12 5.4 12 12v40zm0-96c0 6.6-5.4 12-12 12H44c-6.6 0-12-5.4-12-12v-40c0-6.6 5.4-12 12-12h40c6.6 0 12 5.4 12 12v40zm0-96c0 6.6-5.4 12-12 12H44c-6.6 0-12-5.4-12-12v-40c0-6.6 5.4-12 12-12h40c6.6 0 12 5.4 12 12v40zm272 208c0 6.6-5.4 12-12 12H156c-6.6 0-12-5.4-12-12v-96c0-6.6 5.4-12 12-12h200c6.6 0 12 5.4 12 12v96zm0-168c0 6.6-5.4 12-12 12H156c-6.6 0-12-5.4-12-12v-96c0-6.6 5.4-12 12-12h200c6.6 0 12 5.4 12 12v96zm112 152c0 6.6-5.4 12-12 12h-40c-6.6 0-12-5.4-12-12v-40c0-6.6 5.4-12 12-12h40c6.6 0 12 5.4 12 12v40zm0-96c0 6.6-5.4 12-12 12h-40c-6.6 0-12-5.4-12-12v-40c0-6.6 5.4-12 12-12h40c6.6 0 12 5.4 12 12v40zm0-96c0 6.6-5.4 12-12 12h-40c-6.6 0-12-5.4-12-12v-40c0-6.6 5.4-12 12-12h40c6.6 0 12 5.4 12 12v40z\"><\/path><\/svg>\t\t\t\t\t\t<\/span>\n\t\t\t\t\t\t\t\t\t\t<span class=\"elementor-icon-list-text\">+180.000 Filme\/Serien<\/span>\n\t\t\t\t\t\t\t\t\t<\/li>\n\t\t\t\t\t\t\t\t<li class=\"elementor-icon-list-item\">\n\t\t\t\t\t\t\t\t\t\t\t<span class=\"elementor-icon-list-icon\">\n\t\t\t\t\t\t\t<svg aria-hidden=\"true\" class=\"e-font-icon-svg e-fas-align-justify\" viewbox=\"0 0 448 512\" xmlns=\"http:\/\/www.w3.org\/2000\/svg\"><path d=\"M432 416H16a16 16 0 0 0-16 16v32a16 16 0 0 0 16 16h416a16 16 0 0 0 16-16v-32a16 16 0 0 0-16-16zm0-128H16a16 16 0 0 0-16 16v32a16 16 0 0 0 16 16h416a16 16 0 0 0 16-16v-32a16 16 0 0 0-16-16zm0-128H16a16 16 0 0 0-16 16v32a16 16 0 0 0 16 16h416a16 16 0 0 0 16-16v-32a16 16 0 0 0-16-16zm0-128H16A16 16 0 0 0 0 48v32a16 16 0 0 0 16 16h416a16 16 0 0 0 16-16V48a16 16 0 0 0-16-16z\"><\/path><\/svg>\t\t\t\t\t\t<\/span>\n\t\t\t\t\t\t\t\t\t\t<span class=\"elementor-icon-list-text\">Kanal EPG\/Geri alma<\/span>\n\t\t\t\t\t\t\t\t\t<\/li>\n\t\t\t\t\t\t\t\t<li class=\"elementor-icon-list-item\">\n\t\t\t\t\t\t\t\t\t\t\t<span class=\"elementor-icon-list-icon\">\n\t\t\t\t\t\t\t<svg aria-hidden=\"true\" class=\"e-font-icon-svg e-fas-paper-plane\" viewbox=\"0 0 512 512\" xmlns=\"http:\/\/www.w3.org\/2000\/svg\"><path d=\"M476 3.2L12.5 270.6c-18.1 10.4-15.8 35.6 2.2 43.2L121 358.4l287.3-253.2c5.5-4.9 13.3 2.6 8.6 8.3L176 407v80.5c0 23.6 28.5 32.9 42.5 15.8L282 426l124.6 52.2c14.2 6 30.4-2.9 33-18.2l72-432C515 7.8 493.3-6.8 476 3.2z\"><\/path><\/svg>\t\t\t\t\t\t<\/span>\n\t\t\t\t\t\t\t\t\t\t<span class=\"elementor-icon-list-text\">H\u0131zl\u0131 aktivasyon<\/span>\n\t\t\t\t\t\t\t\t\t<\/li>\n\t\t\t\t\t\t<\/ul>\n\t\t\t\t\t\t<\/div>\n\t\t\t\t<\/div>\n\t\t\t\t<\/div>\n\t\t<div class=\"elementor-element elementor-element-1232102 e-con-full e-flex e-con e-child\" data-id=\"1232102\" data-element_type=\"container\" data-e-type=\"container\">\n\t\t\t\t<div class=\"elementor-element elementor-element-1bf4aca elementor-widget elementor-widget-shortcode\" data-id=\"1bf4aca\" data-element_type=\"widget\" data-e-type=\"widget\" data-widget_type=\"shortcode.default\">\n\t\t\t\t<div class=\"elementor-widget-container\">\n\t\t\t\t\t\t\t<div class=\"elementor-shortcode\">        <div class=\"zifn-wrap zifn-wrap--payments-unavailable\" id=\"zifn-3-1\"\n             data-pid=\"3\"\n             data-form-id=\"1\"\n             data-name=\"12 Monate\"\n             data-price=\"60,00\"\n             data-zifn-form-ms=\"1778073177988\"\n             data-zifn-form-sig=\"29c80fc3d530e0d18503caabaf5855eeb3f6f4b5ebbab68c18f4a813287fcfcc\"\n             data-zfp-redirect-after-success=\"https:\/\/draatv.com\/thank-you\/\"\n             data-zfp-success-stay-seconds=\"300\"\n             data-zfp-payments-unavailable=\"1\"              style=\"--df-accent:#fba84d;--df-accent-rgb:251,168,77;--df-accent-h:#ff6600;--df-accent2:#ff6600;--df-success:#ff6600;--df-error:#ef4444;--df-primary-btn-text:#1a1a1a\">\n\n\t\t\t\t\t\t<div class=\"zifn-payments-off-notice\" role=\"alert\">\n\t\t\t\tOnline zahlungen sind vor\u00fcbergehend nicht m\u00f6glich. Sie erreichen uns weiterhin \u00fcber WhatsApp !\t\t\t<\/div>\n\t\t\t\t\t\t\t\t\t\t<!-- WhatsApp only (panel paused checkout) -->\n\t\t\t<div class=\"zifn-wa-wrap zifn-wa-wrap--solo\">\n\t\t\t\t<a class=\"zifn-wa-btn\" href=\"https:\/\/wa.me\/447700182119?text=Hallo%2C%20ich%20brauche%20Hilfe%20zu%20meiner%20Bestellung%20f%C3%BCr%2012%20Monate\" target=\"_blank\" rel=\"noopener\">\n\t\t\t\t\t<div class=\"zifn-wa-icon-col\">\n\t\t\t\t\t\t<div class=\"zifn-wa-ring\">\n\t\t\t\t\t\t\t<svg viewbox=\"0 0 24 24\" xmlns=\"http:\/\/www.w3.org\/2000\/svg\" fill=\"white\" width=\"22\" height=\"22\">\n\t\t\t\t\t\t\t\t<path d=\"M17.472 14.382c-.297-.149-1.758-.867-2.03-.967-.273-.099-.471-.148-.67.15-.197.297-.767.966-.94 1.164-.173.199-.347.223-.644.075-.297-.15-1.255-.463-2.39-1.475-.883-.788-1.48-1.761-1.653-2.059-.173-.297-.018-.458.13-.606.134-.133.298-.347.446-.52.149-.174.198-.298.298-.497.099-.198.05-.371-.025-.52-.075-.149-.669-1.612-.916-2.207-.242-.579-.487-.5-.669-.51-.173-.008-.371-.01-.57-.01-.198 0-.52.074-.792.372-.272.297-1.04 1.016-1.04 2.479 0 1.462 1.065 2.875 1.213 3.074.149.198 2.096 3.2 5.077 4.487.709.306 1.262.489 1.694.625.712.227 1.36.195 1.871.118.571-.085 1.758-.719 2.006-1.413.248-.694.248-1.289.173-1.413-.074-.124-.272-.198-.57-.347z\"\/>\n\t\t\t\t\t\t\t\t<path d=\"M11.999 2C6.477 2 2 6.477 2 12c0 1.99.577 3.844 1.574 5.408L2.045 22l4.737-1.5A9.955 9.955 0 0012 22c5.522 0 10-4.477 10-10S17.522 2 12 2zm0 18c-1.636 0-3.16-.453-4.462-1.238l-.32-.19-3.32 1.052 1.07-3.233-.208-.334A7.952 7.952 0 014 12C4 7.582 7.582 4 12 4c4.417 0 8 3.583 8 8 0 4.418-3.583 8-8 8z\"\/>\n\t\t\t\t\t\t\t<\/svg>\n\t\t\t\t\t\t<\/div>\n\t\t\t\t\t<\/div>\n\t\t\t\t\t<div class=\"zifn-wa-text\">\n\t\t\t\t\t\t<div class=\"zifn-wa-label\">WhatsApp-Support<\/div>\n\t\t\t\t\t\t<div class=\"zifn-wa-desc\"><span class=\"zifn-wa-dot\"><\/span> Online \u00b7 Jetzt chatten<\/div>\n\t\t\t\t\t<\/div>\n\t\t\t\t\t<div class=\"zifn-wa-cta\">Nachricht \u2192<\/div>\n\t\t\t\t<\/a>\n\t\t\t<\/div>\n\t\t\t\n\t\t\t        <\/div>\n<\/div>\n\t\t\t\t\t\t<\/div>\n\t\t\t\t<\/div>\n\t\t\t\t<\/div>\n\t\t\t\t<\/div>\n\t\t<div class=\"elementor-element elementor-element-556198f e-flex e-con-boxed e-con e-parent\" data-id=\"556198f\" data-element_type=\"container\" data-e-type=\"container\">\n\t\t\t\t\t<div class=\"e-con-inner\">\n\t\t\t\t<div class=\"elementor-element elementor-element-72c6af1 elementor-widget elementor-widget-image\" data-id=\"72c6af1\" data-element_type=\"widget\" data-e-type=\"widget\" data-widget_type=\"image.default\">\n\t\t\t\t<div class=\"elementor-widget-container\">\n\t\t\t\t\t\t\t\t\t\t\t\t\t\t\t<img loading=\"lazy\" decoding=\"async\" width=\"1022\" height=\"323\" src=\"https:\/\/draatv.com\/wp-content\/uploads\/2025\/12\/Payments-Option.webp\" class=\"attachment-full size-full wp-image-38314\" alt=\"Zahlungsm\u00f6glichkeiten\" srcset=\"https:\/\/draatv.com\/wp-content\/uploads\/2025\/12\/Payments-Option.webp 1022w, https:\/\/draatv.com\/wp-content\/uploads\/2025\/12\/Payments-Option-300x95.webp 300w, https:\/\/draatv.com\/wp-content\/uploads\/2025\/12\/Payments-Option-768x243.webp 768w, https:\/\/draatv.com\/wp-content\/uploads\/2025\/12\/Payments-Option-18x6.webp 18w, https:\/\/draatv.com\/wp-content\/uploads\/2025\/12\/Payments-Option-150x47.webp 150w, https:\/\/draatv.com\/wp-content\/uploads\/2025\/12\/Payments-Option-480x152.webp 480w\" sizes=\"auto, (max-width:767px) 480px, (max-width:1022px) 100vw, 1022px\" \/>\t\t\t\t\t\t\t\t\t\t\t\t\t\t\t<\/div>\n\t\t\t\t<\/div>\n\t\t\t\t\t<\/div>\n\t\t\t\t<\/div>\n\t\t\t\t<section class=\"elementor-section elementor-top-section elementor-element elementor-element-3ddc13d elementor-section-stretched elementor-section-full_width elementor-section-height-default elementor-section-height-default\" data-id=\"3ddc13d\" data-element_type=\"section\" data-e-type=\"section\" data-settings=\"{&quot;stretch_section&quot;:&quot;section-stretched&quot;,&quot;background_background&quot;:&quot;gradient&quot;,&quot;shape_divider_top&quot;:&quot;opacity-fan&quot;}\">\n\t\t\t\t\t<div class=\"elementor-shape elementor-shape-top\" aria-hidden=\"true\" data-negative=\"false\">\n\t\t\t<svg xmlns=\"http:\/\/www.w3.org\/2000\/svg\" viewbox=\"0 0 283.5 19.6\" preserveaspectratio=\"none\">\n\t<path class=\"elementor-shape-fill\" style=\"opacity:0.33\" d=\"M0 0L0 18.8 141.8 4.1 283.5 18.8 283.5 0z\"\/>\n\t<path class=\"elementor-shape-fill\" style=\"opacity:0.33\" d=\"M0 0L0 12.6 141.8 4 283.5 12.6 283.5 0z\"\/>\n\t<path class=\"elementor-shape-fill\" style=\"opacity:0.33\" d=\"M0 0L0 6.4 141.8 4 283.5 6.4 283.5 0z\"\/>\n\t<path class=\"elementor-shape-fill\" d=\"M0 0L0 1.2 141.8 4 283.5 1.2 283.5 0z\"\/>\n<\/svg>\t\t<\/div>\n\t\t\t\t\t<div class=\"elementor-container elementor-column-gap-wider\">\n\t\t\t\t\t<div class=\"elementor-column elementor-col-100 elementor-top-column elementor-element elementor-element-c0bb488\" data-id=\"c0bb488\" data-element_type=\"column\" data-e-type=\"column\">\n\t\t\t<div class=\"elementor-widget-wrap elementor-element-populated\">\n\t\t\t\t<div class=\"elementor-element elementor-element-d47bf25 e-grid e-con-boxed e-con e-parent\" data-id=\"d47bf25\" data-element_type=\"container\" data-e-type=\"container\">\n\t\t\t\t\t<div class=\"e-con-inner\">\n\t\t<div class=\"elementor-element elementor-element-5cdb769 e-con-full e-flex e-con e-child\" data-id=\"5cdb769\" data-element_type=\"container\" data-e-type=\"container\">\n\t\t\t\t<div class=\"elementor-element elementor-element-c7ff9e9 elementor-widget elementor-widget-heading\" data-id=\"c7ff9e9\" data-element_type=\"widget\" data-e-type=\"widget\" data-widget_type=\"heading.default\">\n\t\t\t\t<div class=\"elementor-widget-container\">\n\t\t\t\t\t<h5 class=\"elementor-heading-title elementor-size-default\">0 Para \u0130ade Garantisi<\/h5>\t\t\t\t<\/div>\n\t\t\t\t<\/div>\n\t\t\t\t<div class=\"elementor-element elementor-element-057de53 elementor-widget elementor-widget-image\" data-id=\"057de53\" data-element_type=\"widget\" data-e-type=\"widget\" data-widget_type=\"image.default\">\n\t\t\t\t<div class=\"elementor-widget-container\">\n\t\t\t\t\t\t\t\t\t\t\t\t\t\t\t\t<a href=\"https:\/\/draatv.com\/tr\/refund-policy\/\">\n\t\t\t\t\t\t\t<img loading=\"lazy\" decoding=\"async\" width=\"150\" height=\"150\" src=\"https:\/\/draatv.com\/wp-content\/uploads\/2025\/02\/Moeny-Back.webp\" class=\"attachment-full size-full wp-image-37952\" alt=\"100 % Geld-zur\u00fcck-Garantie-Abzeichen mit einem orangefarbenen Schild und einem H\u00e4kchen\" srcset=\"https:\/\/draatv.com\/wp-content\/uploads\/2025\/02\/Moeny-Back.webp 150w, https:\/\/draatv.com\/wp-content\/uploads\/2025\/02\/Moeny-Back-12x12.webp 12w, https:\/\/draatv.com\/wp-content\/uploads\/2025\/02\/Moeny-Back-75x75.webp 75w\" sizes=\"auto, (max-width:767px) 150px, 150px\" \/>\t\t\t\t\t\t\t\t<\/a>\n\t\t\t\t\t\t\t\t\t\t\t\t\t\t\t<\/div>\n\t\t\t\t<\/div>\n\t\t\t\t<\/div>\n\t\t<div class=\"elementor-element elementor-element-ee98c05 e-con-full e-flex e-con e-child\" data-id=\"ee98c05\" data-element_type=\"container\" data-e-type=\"container\">\n\t\t\t\t<div class=\"elementor-element elementor-element-1c7679e elementor-widget elementor-widget-heading\" data-id=\"1c7679e\" data-element_type=\"widget\" data-e-type=\"widget\" data-widget_type=\"heading.default\">\n\t\t\t\t<div class=\"elementor-widget-container\">\n\t\t\t\t\t<h5 class=\"elementor-heading-title elementor-size-default\">0 G\u00fcvenli Ba\u011flant\u0131<\/h5>\t\t\t\t<\/div>\n\t\t\t\t<\/div>\n\t\t\t\t<div class=\"elementor-element elementor-element-1e0a8dd elementor-widget elementor-widget-image\" data-id=\"1e0a8dd\" data-element_type=\"widget\" data-e-type=\"widget\" data-widget_type=\"image.default\">\n\t\t\t\t<div class=\"elementor-widget-container\">\n\t\t\t\t\t\t\t\t\t\t\t\t\t\t\t\t<a href=\"https:\/\/secure.trust-provider.com\/ttb_searcher\/trustlogo?v_querytype=W&#038;v_shortname=CL1&#038;v_search=https:\/\/draatv.com\/&#038;x=6&#038;y=5\" target=\"_blank\" id=\"comodoTL\">\n\t\t\t\t\t\t\t<img loading=\"lazy\" decoding=\"async\" width=\"150\" height=\"150\" src=\"https:\/\/draatv.com\/wp-content\/uploads\/2025\/02\/SSL.webp\" class=\"attachment-full size-full wp-image-37953\" alt=\"Abzeichen f\u00fcr sichere SSL-verschl\u00fcsselte Verbindung mit einem Globus und einem gr\u00fcnen Vorh\u00e4ngeschloss\" srcset=\"https:\/\/draatv.com\/wp-content\/uploads\/2025\/02\/SSL.webp 150w, https:\/\/draatv.com\/wp-content\/uploads\/2025\/02\/SSL-12x12.webp 12w, https:\/\/draatv.com\/wp-content\/uploads\/2025\/02\/SSL-75x75.webp 75w\" sizes=\"auto, (max-width:767px) 150px, 150px\" \/>\t\t\t\t\t\t\t\t<\/a>\n\t\t\t\t\t\t\t\t\t\t\t\t\t\t\t<\/div>\n\t\t\t\t<\/div>\n\t\t\t\t<\/div>\n\t\t<div class=\"elementor-element elementor-element-94b2432 e-con-full e-flex e-con e-child\" data-id=\"94b2432\" data-element_type=\"container\" data-e-type=\"container\">\n\t\t\t\t<div class=\"elementor-element elementor-element-477d9b9 elementor-widget elementor-widget-heading\" data-id=\"477d9b9\" data-element_type=\"widget\" data-e-type=\"widget\" data-widget_type=\"heading.default\">\n\t\t\t\t<div class=\"elementor-widget-container\">\n\t\t\t\t\t<h5 class=\"elementor-heading-title elementor-size-default\">Veri Koruma<\/h5>\t\t\t\t<\/div>\n\t\t\t\t<\/div>\n\t\t\t\t<div class=\"elementor-element elementor-element-d270b40 elementor-widget elementor-widget-image\" data-id=\"d270b40\" data-element_type=\"widget\" data-e-type=\"widget\" data-widget_type=\"image.default\">\n\t\t\t\t<div class=\"elementor-widget-container\">\n\t\t\t\t\t\t\t\t\t\t\t\t\t\t\t\t<a href=\"https:\/\/ico.org.uk\/ESDWebPages\/Entry\/ZB763409\" target=\"_blank\" rel=\"noopener\">\n\t\t\t\t\t\t\t<img loading=\"lazy\" decoding=\"async\" width=\"150\" height=\"150\" src=\"https:\/\/draatv.com\/wp-content\/uploads\/2025\/02\/GDPR.webp\" class=\"attachment-full size-full wp-image-37951\" alt=\"GDPR-Compliance-Abzeichen mit einem gr\u00fcnen Vorh\u00e4ngeschloss, umgeben von 12 orangefarbenen Sternen\" srcset=\"https:\/\/draatv.com\/wp-content\/uploads\/2025\/02\/GDPR.webp 150w, https:\/\/draatv.com\/wp-content\/uploads\/2025\/02\/GDPR-12x12.webp 12w, https:\/\/draatv.com\/wp-content\/uploads\/2025\/02\/GDPR-75x75.webp 75w\" sizes=\"auto, (max-width:767px) 150px, 150px\" \/>\t\t\t\t\t\t\t\t<\/a>\n\t\t\t\t\t\t\t\t\t\t\t\t\t\t\t<\/div>\n\t\t\t\t<\/div>\n\t\t\t\t<\/div>\n\t\t\t\t\t<\/div>\n\t\t\t\t<\/div>\n\t\t<div class=\"elementor-element elementor-element-b1e9ac4 e-flex e-con-boxed e-con e-child\" data-id=\"b1e9ac4\" data-element_type=\"container\" data-e-type=\"container\">\n\t\t\t\t\t<div class=\"e-con-inner\">\n\t\t\t\t<div class=\"elementor-element elementor-element-29333a9 elementor-widget elementor-widget-html\" data-id=\"29333a9\" data-element_type=\"widget\" data-e-type=\"widget\" data-widget_type=\"html.default\">\n\t\t\t\t<div class=\"elementor-widget-container\">\n\t\t\t\t\t<style>\r\n.footer {\r\n  display: flex;\r\n  flex-wrap: wrap;\r\n  justify-content: center;\r\n  align-items: center;\r\n  margin-bottom: 16px;\r\n}\r\n\r\n.footer .footerbutton {\r\n    color: #fff;\r\n  font-size: 16px;\r\n  font-weight: 500;\r\n  border-style: solid;\r\n  border-width: 1px 1px 1px 1px;\r\n  border-color: #ff;\r\n  border-radius: 24px;\r\n  padding: 8px 16px;\r\n  margin: 8px;\r\n  display: inline-block;\r\n  text-decoration: none;\r\n}\r\n\r\n\/* Media Query for screens smaller than 600px *\/\r\n@media (max-width: 600px) {\r\n  .footer .footerbutton {\r\n    font-size: 14px;\r\n    padding: 6px 12px;\r\n    margin: 4px;\r\n  }\r\n}\r\n<\/style>\r\n\r\n<br\/>\r\n<br\/>\r\n<div class=\"footer\">\r\n   <a class=\"footerbutton\" href=\"https:\/\/draatv.com\/tr\/apk\/\" title=\"\u0130ndir\"><i class=\"icon-download\"><\/i> DraaTV v3.8<\/a>\r\n   <a class=\"footerbutton\" href=\"https:\/\/draatv.com\/tr\/terms-of-use\/\" title=\"Kullan\u0131m \u015eartlar\u0131\"><i class=\"fas fa-balance-scale\"><\/i> Kullan\u0131m \u015eartlar\u0131<\/a>\r\n   <a class=\"footerbutton\" href=\"https:\/\/draatv.com\/tr\/privacy-policy\/\" title=\"Gizlilik Politikas\u0131\"><i class=\"fas fa-user-lock\"><\/i> Gizlilik Politikas\u0131 <\/a>\r\n   <a class=\"footerbutton\" href=\"https:\/\/draatv.com\/tr\/refund-policy\/\" title=\"Refund\"><i class=\"icon-money-line\"><\/i> \u0130ade<\/a>\r\n<\/div>\r\n\t\t\t\t<\/div>\n\t\t\t\t<\/div>\n\t\t\t\t\t<\/div>\n\t\t\t\t<\/div>\n\t\t\t\t\t<\/div>\n\t\t<\/div>\n\t\t\t\t\t<\/div>\n\t\t<\/section>\n\t\t\t\t<\/div>","protected":false},"excerpt":{"rendered":"<p>12 Monate IPTV Abonnement 12 Monate Einmalige Zahlung Alle Ger\u00e4te 99% Uptime 24\/7 Support +24.000 Live Kan\u00e4le +180.000 Filme\/Serien Kanal EPG\/Aufholen Schnelle Aktivierung 100% Geld Zur\u00fcck<span class=\"excerpt-hellip\"> [\u2026]<\/span><\/p>\n","protected":false},"author":438,"featured_media":0,"parent":0,"menu_order":0,"comment_status":"closed","ping_status":"closed","template":"","meta":{"_surecart_dashboard_logo_width":"180px","_surecart_dashboard_show_logo":true,"_surecart_dashboard_navigation_orders":true,"_surecart_dashboard_navigation_invoices":true,"_surecart_dashboard_navigation_subscriptions":true,"_surecart_dashboard_navigation_downloads":true,"_surecart_dashboard_navigation_billing":true,"_surecart_dashboard_navigation_account":true,"footnotes":""},"class_list":["post-29884","page","type-page","status-publish","hentry"],"_links":{"self":[{"href":"https:\/\/draatv.com\/tr\/wp-json\/wp\/v2\/pages\/29884","targetHints":{"allow":["GET"]}}],"collection":[{"href":"https:\/\/draatv.com\/tr\/wp-json\/wp\/v2\/pages"}],"about":[{"href":"https:\/\/draatv.com\/tr\/wp-json\/wp\/v2\/types\/page"}],"author":[{"embeddable":true,"href":"https:\/\/draatv.com\/tr\/wp-json\/wp\/v2\/users\/438"}],"replies":[{"embeddable":true,"href":"https:\/\/draatv.com\/tr\/wp-json\/wp\/v2\/comments?post=29884"}],"version-history":[{"count":0,"href":"https:\/\/draatv.com\/tr\/wp-json\/wp\/v2\/pages\/29884\/revisions"}],"wp:attachment":[{"href":"https:\/\/draatv.com\/tr\/wp-json\/wp\/v2\/media?parent=29884"}],"curies":[{"name":"wp","href":"https:\/\/api.w.org\/{rel}","templated":true}]}}