{"id":11188,"date":"2023-04-04T05:37:10","date_gmt":"2023-04-04T05:37:10","guid":{"rendered":"https:\/\/tv.draadigital.com\/?page_id=11188"},"modified":"2025-02-20T10:41:26","modified_gmt":"2025-02-20T10:41:26","slug":"privacy-policy","status":"publish","type":"page","link":"https:\/\/draatv.com\/fr\/privacy-policy\/","title":{"rendered":"Privacy Policy"},"content":{"rendered":"<div data-elementor-type=\"wp-page\" data-elementor-id=\"11188\" class=\"elementor elementor-11188\" data-elementor-post-type=\"page\">\n\t\t\t\t\t\t<section class=\"elementor-section elementor-top-section elementor-element elementor-element-1dc1087e elementor-section-boxed elementor-section-height-default elementor-section-height-default\" data-id=\"1dc1087e\" data-element_type=\"section\" data-e-type=\"section\">\n\t\t\t\t\t\t<div class=\"elementor-container elementor-column-gap-default\">\n\t\t\t\t\t<div class=\"elementor-column elementor-col-100 elementor-top-column elementor-element elementor-element-1dd62092\" data-id=\"1dd62092\" data-element_type=\"column\" data-e-type=\"column\">\n\t\t\t<div class=\"elementor-widget-wrap elementor-element-populated\">\n\t\t\t\t<div class=\"elementor-element elementor-element-b2cbc75 e-flex e-con-boxed e-con e-parent\" data-id=\"b2cbc75\" data-element_type=\"container\" data-e-type=\"container\">\n\t\t\t\t\t<div class=\"e-con-inner\">\n\t\t<div class=\"elementor-element elementor-element-9bfd3dc e-flex e-con-boxed e-con e-child\" data-id=\"9bfd3dc\" data-element_type=\"container\" data-e-type=\"container\" data-settings=\"{&quot;background_background&quot;:&quot;classic&quot;}\">\n\t\t\t\t\t<div class=\"e-con-inner\">\n\t\t\t\t<div class=\"elementor-element elementor-element-6a0bd68 elementor-widget elementor-widget-heading\" data-id=\"6a0bd68\" data-element_type=\"widget\" data-e-type=\"widget\" data-widget_type=\"heading.default\">\n\t\t\t\t<div class=\"elementor-widget-container\">\n\t\t\t\t\t<h1 class=\"elementor-heading-title elementor-size-default\">Privacy Policy<\/h1>\t\t\t\t<\/div>\n\t\t\t\t<\/div>\n\t\t\t\t\t<\/div>\n\t\t\t\t<\/div>\n\t\t\t\t\t<\/div>\n\t\t\t\t<\/div>\n\t\t\t\t<div class=\"elementor-element elementor-element-708b0cef elementor-widget elementor-widget-text-editor\" data-id=\"708b0cef\" data-element_type=\"widget\" data-e-type=\"widget\" data-widget_type=\"text-editor.default\">\n\t\t\t\t<div class=\"elementor-widget-container\">\n\t\t\t\t\t\t\t\t\t<p><strong>Zuletzt aktualisiert am:<\/strong> 01. Nov 2024<\/p>\n<h2><span style=\"color: #000000;\">Opt-Out-Option<\/span><\/h2>\n<p>Sie k\u00f6nnen w\u00e4hlen, ob diese Website Ihre Aktionen hier aggregieren und analysieren darf. Dies sch\u00fctzt Ihre Privatsph\u00e4re, verhindert jedoch auch, dass der Eigent\u00fcmer aus Ihren Aktionen lernt und eine bessere Erfahrung f\u00fcr Sie und andere Benutzer schafft. Sie haben sich nicht abgemeldet. Deaktivieren Sie dieses Kontrollk\u00e4stchen, um sich abzumelden.<\/p>\n<h2><span style=\"color: #000000;\">Zustimmung zur Datenerhebung, Nutzung und Weitergabe<\/span><\/h2>\n<p>Durch den Zugriff auf oder die Nutzung der Website oder des Dienstes (<a href=\"https:\/\/draatv.com\/fr\/\">https:\/\/draatv.com<\/a>) stimmen Sie der Erhebung, Nutzung und Weitergabe Ihrer pers\u00f6nlichen Informationen gem\u00e4\u00df dieser Datenschutzerkl\u00e4rung zu. Wenn Sie nicht zustimmen, sollten Sie den Dienst nicht nutzen.<\/p>\n<h2><span style=\"color: #000000;\">Register der Datenverarbeitungsgeb\u00fchrenzahler<\/span><\/h2>\n<p>Wir sind beim Information Commissioner\u2019s Office (ICO) f\u00fcr die Einhaltung des Datenschutzes registriert.<\/p>\n<ul>\n<li><strong>Registrierungsreferenz:<\/strong> ZB763409<\/li>\n<li><strong>Datum der Registrierung:<\/strong> 27. September 2024<\/li>\n<li><strong>Ablauf der Registrierung:<\/strong> 26. September 2025<\/li>\n<\/ul>\n<p>Details zur Registrierung k\u00f6nnen Sie auf der Website des ICO <a href=\"https:\/\/ico.org.uk\/ESDWebPages\/Entry\/ZB763409\" target=\"_blank\" rel=\"noopener\">hier<\/a> einsehen.<\/p>\n<h2><span style=\"color: #000000;\">Verantwortlichkeit bei der Nutzung des Dienstes<\/span><\/h2>\n<p>Durch die Nutzung unseres Dienstes erkennen Sie die Art der bereitgestellten Inhalte und m\u00f6gliche Konsequenzen im Zusammenhang mit Verst\u00f6\u00dfen gegen digitale Urheberrechte an. Die Verantwortung f\u00fcr die Einhaltung aller geltenden Gesetze zur Nutzung digitaler Inhalte liegt vollst\u00e4ndig bei Ihnen.<\/p>\n<h2><span style=\"color: #000000;\">\u00c4nderung der Datenschutzerkl\u00e4rung<\/span><\/h2>\n<p>Wir behalten uns das Recht vor, diese Datenschutzerkl\u00e4rung jederzeit ohne vorherige Ank\u00fcndigung zu \u00e4ndern. Die ge\u00e4nderte Datenschutzerkl\u00e4rung wird auf der Website ver\u00f6ffentlicht und tritt 180 Tage nach dem Datum der Ver\u00f6ffentlichung in Kraft. Die fortgesetzte Nutzung des Dienstes nach diesem Zeitraum zeigt Ihre Zustimmung zur aktualisierten Datenschutzerkl\u00e4rung an.<\/p>\n<h2><span style=\"color: #000000;\">\u00dcberpr\u00fcfung der Datenschutzerkl\u00e4rung<\/span><\/h2>\n<p>Benutzer werden ermutigt, die Datenschutzerkl\u00e4rung regelm\u00e4\u00dfig zu \u00fcberpr\u00fcfen, um \u00fcber \u00c4nderungen informiert zu bleiben.<\/p>\n<h2><span style=\"color: #000000;\">Informationen, die wir sammeln<\/span><\/h2>\n<p>Wir erfassen und verarbeiten folgende pers\u00f6nliche Informationen:<\/p>\n<ul>\n<li>Nom<\/li>\n<li>E-Mail<\/li>\n<li>Land<\/li>\n<li>Appareil<\/li>\n<li>Mobil<\/li>\n<li>Zahlungsinformationen<\/li>\n<\/ul>\n<h2><span style=\"color: #000000;\">Datenschutz von Kindern<\/span><\/h2>\n<p>Unsere Dienstleistungen sind nicht f\u00fcr Personen unter 18 Jahren bestimmt. Wir erfassen wissentlich keine pers\u00f6nlichen Informationen von Kindern unter 18 Jahren. Wenn Sie glauben, dass Ihr Kind uns ohne Ihre Zustimmung pers\u00f6nliche Informationen zur Verf\u00fcgung gestellt hat, kontaktieren Sie uns bitte unter <a href=\"mailto:support@draatv.com\">support@draatv.com<\/a>. Wir werden Ma\u00dfnahmen ergreifen, um diese Informationen von unseren Servern zu entfernen.<\/p>\n<h2><span style=\"color: #000000;\">Wie wir Ihre Informationen sammeln<\/span><\/h2>\n<p>Wir erfassen Informationen \u00fcber Sie auf folgende Weise:<\/p>\n<ul>\n<li>Wenn Sie das Registrierungsformular ausf\u00fcllen oder anderweitig pers\u00f6nliche Informationen \u00fcbermitteln.<\/li>\n<li>Interaktionen mit der Website.<\/li>\n<li>Aus \u00f6ffentlichen Quellen.<\/li>\n<\/ul>\n<h2><span style=\"color: #000000;\">Wie wir Ihre Informationen verwenden<\/span><\/h2>\n<p>Wir verwenden Ihre Informationen f\u00fcr folgende Zwecke:<\/p>\n<ul>\n<li>Marketing\/Promotion<\/li>\n<li>Erstellung von Benutzerkonten<\/li>\n<li>Sammlung von Kundenfeedback<\/li>\n<li>Zahlungsabwicklung<\/li>\n<li>Support<\/li>\n<li>Zielgerichtete Werbung<\/li>\n<li>Benutzer-zu-Benutzer-Kommentare<\/li>\n<li>Verwaltung von Benutzerkonten<\/li>\n<\/ul>\n<p>Wenn wir Ihre Informationen f\u00fcr andere Zwecke verwenden m\u00f6chten, werden wir um Ihre Zustimmung bitten.<\/p>\n<h2><span style=\"color: #000000;\">Wie wir Ihre Informationen weitergeben<\/span><\/h2>\n<p>Wir werden Ihre pers\u00f6nlichen Informationen ohne Ihre Zustimmung nicht an Dritte weitergeben, au\u00dfer in folgenden F\u00e4llen:<\/p>\n<ul>\n<li>Sponsoren<\/li>\n<li>Analysen (Matomo Analytics, Google Analytics und Tag-Manager)<\/li>\n<li>Zahlungseinzugsdienste (PayPal, Stripe mit Optionen wie Sofort, Klarna)<\/li>\n<\/ul>\n<p>Wir stellen sicher, dass Dritte Ihre pers\u00f6nlichen Informationen nur f\u00fcr den vorgesehenen Zweck verwenden und nicht l\u00e4nger aufbewahren als n\u00f6tig.<\/p>\n<h2><span style=\"color: #000000;\">Aufbewahrung Ihrer Informationen<\/span><\/h2>\n<p>Wir bewahren Ihre pers\u00f6nlichen Informationen 90 Tage bis 2 Jahre nach der K\u00fcndigung Ihres Kontos oder so lange auf, wie es zur Erf\u00fcllung der Zwecke, f\u00fcr die sie erhoben wurden, erforderlich ist. Wir k\u00f6nnen bestimmte Informationen f\u00fcr l\u00e4ngere Zeitr\u00e4ume aus rechtlichen Gr\u00fcnden aufbewahren.<\/p>\n<h2><span style=\"color: #000000;\">Ihre Rechte<\/span><\/h2>\n<p>Je nach geltendem Recht haben Sie das Recht:<\/p>\n<ul>\n<li>Zugriff auf Ihre pers\u00f6nlichen Daten zu erhalten und diese zu berichtigen oder zu l\u00f6schen.<\/li>\n<li>Die Verarbeitung Ihrer Daten einzuschr\u00e4nken oder zu widersprechen.<\/li>\n<li>Daten\u00fcbertragbarkeit zu beantragen.<\/li>\n<li>Die Zustimmung zur Datenverarbeitung zu widerrufen.<\/li>\n<li>Eine Beschwerde bei einer Aufsichtsbeh\u00f6rde einzureichen.<\/li>\n<\/ul>\n<p>Um diese Rechte auszu\u00fcben, kontaktieren Sie uns unter <a href=\"mailto:support@draatv.com\">support@draatv.com<\/a>. Sie k\u00f6nnen sich auch von direkten Marketingkommunikationen abmelden, indem Sie uns schreiben.<\/p>\n<h2><span style=\"color: #000000;\">Cookies<\/span><\/h2>\n<p>F\u00fcr weitere Informationen dar\u00fcber, wie wir Cookies und andere Tracking-Technologien verwenden, lesen Sie bitte unsere Cookie-Richtlinie.<\/p>\n<h2><span style=\"color: #000000;\">Sicherheit<\/span><\/h2>\n<p>Wir verwenden angemessene Sicherheitsma\u00dfnahmen, um Ihre Informationen zu sch\u00fctzen. Wir k\u00f6nnen jedoch keine absolute Sicherheit garantieren, und Sie \u00fcbermitteln Informationen auf eigenes Risiko.<\/p>\n<h2><span style=\"color: #000000;\">Website-Sicherheit und SSL-Verschl\u00fcsselung<\/span><\/h2>\n<p>Unsere Website <a href=\"https:\/\/draatv.com\/fr\/\">draatv.com<\/a> verwendet ein Sectigo SSL-Zertifikat, um Online-Transaktionen und Kundendaten zu sch\u00fctzen:<\/p>\n<ul>\n<li><strong>Datenverschl\u00fcsselung:<\/strong> Jede Information, die \u00fcber eine HTTPS-Verbindung gesendet wird, ist mit den st\u00e4rksten verf\u00fcgbaren Algorithmen verschl\u00fcsselt.<\/li>\n<li><strong>Garantie:<\/strong> Das SSL-Zertifikat umfasst eine Garantie von 50.000 USD und bietet eine zus\u00e4tzliche Schutzebene f\u00fcr Kundentransaktionen.<\/li>\n<\/ul>\n<p>Durch die Wahl von Sectigo SSL zeigen wir unser Engagement f\u00fcr die Sicherheit und den Schutz der Kundendaten.<\/p>\n<h2><span style=\"color: #000000;\">Links zu Dritten<\/span><\/h2>\n<p>Unser Dienst kann Links zu anderen Websites enthalten, die nicht von uns betrieben werden. Diese Datenschutzerkl\u00e4rung gilt nicht f\u00fcr die Datenschutzpraktiken Dritter. Wir empfehlen Ihnen, die Datenschutzrichtlinien jeder Website, die Sie besuchen, zu \u00fcberpr\u00fcfen.<\/p>\n<h2><span style=\"color: #000000;\">Datenschutzbeauftragter<\/span><\/h2>\n<p>F\u00fcr Fragen oder Bedenken zur Verarbeitung Ihrer Informationen kontaktieren Sie unseren Datenschutzbeauftragten unter <a href=\"mailto:support@draatv.com\">support@draatv.com<\/a>. Wir werden Ihre Anliegen gem\u00e4\u00df geltendem Recht bearbeiten.<\/p>\n<h2><span style=\"color: #000000;\">Kontakt<\/span><\/h2>\n<p>F\u00fcr Fragen oder Bedenken zu dieser Datenschutzerkl\u00e4rung oder Ihren pers\u00f6nlichen Informationen kontaktieren Sie uns unter:<\/p>\n<ul>\n<li><strong>E-Mail:<\/strong> <a href=\"mailto:support@draatv.com\">support@draatv.com<\/a><\/li>\n<li><strong>WhatsApp:&nbsp;<\/strong><span style=\"color: rgb(0, 0, 0); font-family: &quot;Times New Roman&quot;; font-size: medium; font-style: normal; font-variant-ligatures: normal; font-variant-caps: normal; font-weight: 400; white-space: pre;\"><a href=\"https:\/\/wa.link\/6ip0xb\" target=\"_blank\" rel=\"noopener\">https:\/\/wa.link\/6ip0xb<\/a><\/span><\/li>\n<li><strong>Live Chat:<\/strong> Crisp<\/li>\n<li><strong>Telegram:<\/strong> <a href=\"https:\/\/t.me\/DraaTV\">https:\/\/t.me\/DraaTV<\/a><\/li>\n<\/ul>\n<p>Wir werden gem\u00e4\u00df den geltenden Datenschutzgesetzen antworten.<\/p>\t\t\t\t\t\t\t\t<\/div>\n\t\t\t\t<\/div>\n\t\t\t\t<div class=\"elementor-element elementor-element-476c16b elementor-widget elementor-widget-spacer\" data-id=\"476c16b\" data-element_type=\"widget\" data-e-type=\"widget\" data-widget_type=\"spacer.default\">\n\t\t\t\t<div class=\"elementor-widget-container\">\n\t\t\t\t\t\t\t<div class=\"elementor-spacer\">\n\t\t\t<div class=\"elementor-spacer-inner\"><\/div>\n\t\t<\/div>\n\t\t\t\t\t\t<\/div>\n\t\t\t\t<\/div>\n\t\t\t\t\t<\/div>\n\t\t<\/div>\n\t\t\t\t\t<\/div>\n\t\t<\/section>\n\t\t\t\t<section class=\"elementor-section elementor-top-section elementor-element elementor-element-82eb445 elementor-section-stretched elementor-section-full_width elementor-section-height-default elementor-section-height-default\" data-id=\"82eb445\" data-element_type=\"section\" data-e-type=\"section\" data-settings=\"{&quot;stretch_section&quot;:&quot;section-stretched&quot;,&quot;background_background&quot;:&quot;gradient&quot;,&quot;shape_divider_top&quot;:&quot;opacity-fan&quot;}\">\n\t\t\t\t\t<div class=\"elementor-shape elementor-shape-top\" aria-hidden=\"true\" data-negative=\"false\">\n\t\t\t<svg xmlns=\"http:\/\/www.w3.org\/2000\/svg\" viewbox=\"0 0 283.5 19.6\" preserveaspectratio=\"none\">\n\t<path class=\"elementor-shape-fill\" style=\"opacity:0.33\" d=\"M0 0L0 18.8 141.8 4.1 283.5 18.8 283.5 0z\"\/>\n\t<path class=\"elementor-shape-fill\" style=\"opacity:0.33\" d=\"M0 0L0 12.6 141.8 4 283.5 12.6 283.5 0z\"\/>\n\t<path class=\"elementor-shape-fill\" style=\"opacity:0.33\" d=\"M0 0L0 6.4 141.8 4 283.5 6.4 283.5 0z\"\/>\n\t<path class=\"elementor-shape-fill\" d=\"M0 0L0 1.2 141.8 4 283.5 1.2 283.5 0z\"\/>\n<\/svg>\t\t<\/div>\n\t\t\t\t\t<div class=\"elementor-container elementor-column-gap-wider\">\n\t\t\t\t\t<div class=\"elementor-column elementor-col-100 elementor-top-column elementor-element elementor-element-68c2b9a\" data-id=\"68c2b9a\" data-element_type=\"column\" data-e-type=\"column\">\n\t\t\t<div class=\"elementor-widget-wrap elementor-element-populated\">\n\t\t\t\t<div class=\"elementor-element elementor-element-9eff0ae e-grid e-con-boxed e-con e-parent\" data-id=\"9eff0ae\" data-element_type=\"container\" data-e-type=\"container\">\n\t\t\t\t\t<div class=\"e-con-inner\">\n\t\t<div class=\"elementor-element elementor-element-e87d7c3 e-con-full e-flex e-con e-child\" data-id=\"e87d7c3\" data-element_type=\"container\" data-e-type=\"container\">\n\t\t\t\t<div class=\"elementor-element elementor-element-89a2fff elementor-widget elementor-widget-heading\" data-id=\"89a2fff\" data-element_type=\"widget\" data-e-type=\"widget\" data-widget_type=\"heading.default\">\n\t\t\t\t<div class=\"elementor-widget-container\">\n\t\t\t\t\t<h5 class=\"elementor-heading-title elementor-size-default\">Garantie de remboursement \u00e0 100%<\/h5>\t\t\t\t<\/div>\n\t\t\t\t<\/div>\n\t\t\t\t<div class=\"elementor-element elementor-element-fe15293 elementor-widget elementor-widget-image\" data-id=\"fe15293\" data-element_type=\"widget\" data-e-type=\"widget\" data-widget_type=\"image.default\">\n\t\t\t\t<div class=\"elementor-widget-container\">\n\t\t\t\t\t\t\t\t\t\t\t\t\t\t\t\t<a href=\"https:\/\/draatv.com\/fr\/refund-policy\/\">\n\t\t\t\t\t\t\t<img loading=\"lazy\" decoding=\"async\" width=\"150\" height=\"150\" src=\"https:\/\/draatv.com\/wp-content\/uploads\/2025\/02\/Moeny-Back.webp\" class=\"attachment-full size-full wp-image-37952\" alt=\"100 % Geld-zur\u00fcck-Garantie-Abzeichen mit einem orangefarbenen Schild und einem H\u00e4kchen\" srcset=\"https:\/\/draatv.com\/wp-content\/uploads\/2025\/02\/Moeny-Back.webp 150w, https:\/\/draatv.com\/wp-content\/uploads\/2025\/02\/Moeny-Back-12x12.webp 12w, https:\/\/draatv.com\/wp-content\/uploads\/2025\/02\/Moeny-Back-75x75.webp 75w\" sizes=\"auto, (max-width:767px) 150px, 150px\" \/>\t\t\t\t\t\t\t\t<\/a>\n\t\t\t\t\t\t\t\t\t\t\t\t\t\t\t<\/div>\n\t\t\t\t<\/div>\n\t\t\t\t<\/div>\n\t\t<div class=\"elementor-element elementor-element-f234290 e-con-full e-flex e-con e-child\" data-id=\"f234290\" data-element_type=\"container\" data-e-type=\"container\">\n\t\t\t\t<div class=\"elementor-element elementor-element-8c6a5b0 elementor-widget elementor-widget-heading\" data-id=\"8c6a5b0\" data-element_type=\"widget\" data-e-type=\"widget\" data-widget_type=\"heading.default\">\n\t\t\t\t<div class=\"elementor-widget-container\">\n\t\t\t\t\t<h5 class=\"elementor-heading-title elementor-size-default\">Connexion 100% s\u00e9curis\u00e9e<\/h5>\t\t\t\t<\/div>\n\t\t\t\t<\/div>\n\t\t\t\t<div class=\"elementor-element elementor-element-23705eb elementor-widget elementor-widget-image\" data-id=\"23705eb\" data-element_type=\"widget\" data-e-type=\"widget\" data-widget_type=\"image.default\">\n\t\t\t\t<div class=\"elementor-widget-container\">\n\t\t\t\t\t\t\t\t\t\t\t\t\t\t\t\t<a href=\"https:\/\/secure.trust-provider.com\/ttb_searcher\/trustlogo?v_querytype=W&#038;v_shortname=CL1&#038;v_search=https:\/\/draatv.com\/&#038;x=6&#038;y=5\" target=\"_blank\" id=\"comodoTL\">\n\t\t\t\t\t\t\t<img loading=\"lazy\" decoding=\"async\" width=\"150\" height=\"150\" src=\"https:\/\/draatv.com\/wp-content\/uploads\/2025\/02\/SSL.webp\" class=\"attachment-full size-full wp-image-37953\" alt=\"Abzeichen f\u00fcr sichere SSL-verschl\u00fcsselte Verbindung mit einem Globus und einem gr\u00fcnen Vorh\u00e4ngeschloss\" srcset=\"https:\/\/draatv.com\/wp-content\/uploads\/2025\/02\/SSL.webp 150w, https:\/\/draatv.com\/wp-content\/uploads\/2025\/02\/SSL-12x12.webp 12w, https:\/\/draatv.com\/wp-content\/uploads\/2025\/02\/SSL-75x75.webp 75w\" sizes=\"auto, (max-width:767px) 150px, 150px\" \/>\t\t\t\t\t\t\t\t<\/a>\n\t\t\t\t\t\t\t\t\t\t\t\t\t\t\t<\/div>\n\t\t\t\t<\/div>\n\t\t\t\t<\/div>\n\t\t<div class=\"elementor-element elementor-element-ee2f588 e-con-full e-flex e-con e-child\" data-id=\"ee2f588\" data-element_type=\"container\" data-e-type=\"container\">\n\t\t\t\t<div class=\"elementor-element elementor-element-129b39b elementor-widget elementor-widget-heading\" data-id=\"129b39b\" data-element_type=\"widget\" data-e-type=\"widget\" data-widget_type=\"heading.default\">\n\t\t\t\t<div class=\"elementor-widget-container\">\n\t\t\t\t\t<h5 class=\"elementor-heading-title elementor-size-default\">Protection des donn\u00e9es<\/h5>\t\t\t\t<\/div>\n\t\t\t\t<\/div>\n\t\t\t\t<div class=\"elementor-element elementor-element-68fa332 elementor-widget elementor-widget-image\" data-id=\"68fa332\" data-element_type=\"widget\" data-e-type=\"widget\" data-widget_type=\"image.default\">\n\t\t\t\t<div class=\"elementor-widget-container\">\n\t\t\t\t\t\t\t\t\t\t\t\t\t\t\t\t<a href=\"https:\/\/ico.org.uk\/ESDWebPages\/Entry\/ZB763409\" target=\"_blank\" rel=\"noopener\">\n\t\t\t\t\t\t\t<img loading=\"lazy\" decoding=\"async\" width=\"150\" height=\"150\" src=\"https:\/\/draatv.com\/wp-content\/uploads\/2025\/02\/GDPR.webp\" class=\"attachment-full size-full wp-image-37951\" alt=\"GDPR-Compliance-Abzeichen mit einem gr\u00fcnen Vorh\u00e4ngeschloss, umgeben von 12 orangefarbenen Sternen\" srcset=\"https:\/\/draatv.com\/wp-content\/uploads\/2025\/02\/GDPR.webp 150w, https:\/\/draatv.com\/wp-content\/uploads\/2025\/02\/GDPR-12x12.webp 12w, https:\/\/draatv.com\/wp-content\/uploads\/2025\/02\/GDPR-75x75.webp 75w\" sizes=\"auto, (max-width:767px) 150px, 150px\" \/>\t\t\t\t\t\t\t\t<\/a>\n\t\t\t\t\t\t\t\t\t\t\t\t\t\t\t<\/div>\n\t\t\t\t<\/div>\n\t\t\t\t<\/div>\n\t\t\t\t\t<\/div>\n\t\t\t\t<\/div>\n\t\t<div class=\"elementor-element elementor-element-8c2e6be e-flex e-con-boxed e-con e-child\" data-id=\"8c2e6be\" data-element_type=\"container\" data-e-type=\"container\">\n\t\t\t\t\t<div class=\"e-con-inner\">\n\t\t\t\t<div class=\"elementor-element elementor-element-b26834a elementor-widget elementor-widget-html\" data-id=\"b26834a\" data-element_type=\"widget\" data-e-type=\"widget\" data-widget_type=\"html.default\">\n\t\t\t\t<div class=\"elementor-widget-container\">\n\t\t\t\t\t<style>\r\n.footer {\r\n  display: flex;\r\n  flex-wrap: wrap;\r\n  justify-content: center;\r\n  align-items: center;\r\n  margin-bottom: 16px;\r\n}\r\n\r\n.footer .footerbutton {\r\n    color: #fff;\r\n  font-size: 16px;\r\n  font-weight: 500;\r\n  border-style: solid;\r\n  border-width: 1px 1px 1px 1px;\r\n  border-color: #ff;\r\n  border-radius: 24px;\r\n  padding: 8px 16px;\r\n  margin: 8px;\r\n  display: inline-block;\r\n  text-decoration: none;\r\n}\r\n\r\n\/* Media Query for screens smaller than 600px *\/\r\n@media (max-width: 600px) {\r\n  .footer .footerbutton {\r\n    font-size: 14px;\r\n    padding: 6px 12px;\r\n    margin: 4px;\r\n  }\r\n}\r\n<\/style>\r\n\r\n<br\/>\r\n<br\/>\r\n<div class=\"footer\">\r\n   <a class=\"footerbutton\" href=\"https:\/\/draatv.com\/fr\/apk\/\" title=\"T\u00e9l\u00e9charger\"><i class=\"icon-download\"><\/i> DraaTV v3.8<\/a>\r\n   <a class=\"footerbutton\" href=\"https:\/\/draatv.com\/fr\/terms-of-use\/\" title=\"Conditions d&#039;utilisation\"><i class=\"fas fa-balance-scale\"><\/i> Conditions d'utilisation<\/a>\r\n   <a class=\"footerbutton\" href=\"https:\/\/draatv.com\/fr\/privacy-policy\/\" title=\"Politique de confidentialit\u00e9\"><i class=\"fas fa-user-lock\"><\/i> Politique de confidentialit\u00e9 <\/a>\r\n   <a class=\"footerbutton\" href=\"https:\/\/draatv.com\/fr\/refund-policy\/\" title=\"Refund\"><i class=\"icon-money-line\"><\/i> Remboursement<\/a>\r\n<\/div>\r\n\t\t\t\t<\/div>\n\t\t\t\t<\/div>\n\t\t\t\t\t<\/div>\n\t\t\t\t<\/div>\n\t\t\t\t\t<\/div>\n\t\t<\/div>\n\t\t\t\t\t<\/div>\n\t\t<\/section>\n\t\t\t\t<\/div>","protected":false},"excerpt":{"rendered":"<p>Privacy Policy Zuletzt aktualisiert am: 01. Nov 2024 Opt-Out-Option Sie k\u00f6nnen w\u00e4hlen, ob diese Website Ihre Aktionen hier aggregieren und analysieren darf. Dies sch\u00fctzt Ihre Privatsph\u00e4re,<span class=\"excerpt-hellip\"> [\u2026]<\/span><\/p>\n","protected":false},"author":438,"featured_media":0,"parent":0,"menu_order":0,"comment_status":"closed","ping_status":"closed","template":"","meta":{"_surecart_dashboard_logo_width":"180px","_surecart_dashboard_show_logo":true,"_surecart_dashboard_navigation_orders":true,"_surecart_dashboard_navigation_invoices":true,"_surecart_dashboard_navigation_subscriptions":true,"_surecart_dashboard_navigation_downloads":true,"_surecart_dashboard_navigation_billing":true,"_surecart_dashboard_navigation_account":true,"footnotes":""},"class_list":["post-11188","page","type-page","status-publish","hentry"],"_links":{"self":[{"href":"https:\/\/draatv.com\/fr\/wp-json\/wp\/v2\/pages\/11188","targetHints":{"allow":["GET"]}}],"collection":[{"href":"https:\/\/draatv.com\/fr\/wp-json\/wp\/v2\/pages"}],"about":[{"href":"https:\/\/draatv.com\/fr\/wp-json\/wp\/v2\/types\/page"}],"author":[{"embeddable":true,"href":"https:\/\/draatv.com\/fr\/wp-json\/wp\/v2\/users\/438"}],"replies":[{"embeddable":true,"href":"https:\/\/draatv.com\/fr\/wp-json\/wp\/v2\/comments?post=11188"}],"version-history":[{"count":0,"href":"https:\/\/draatv.com\/fr\/wp-json\/wp\/v2\/pages\/11188\/revisions"}],"wp:attachment":[{"href":"https:\/\/draatv.com\/fr\/wp-json\/wp\/v2\/media?parent=11188"}],"curies":[{"name":"wp","href":"https:\/\/api.w.org\/{rel}","templated":true}]}}